{"id":3139,"date":"2016-10-19T05:39:03","date_gmt":"2016-10-19T05:39:03","guid":{"rendered":"https:\/\/www.videa.si\/cable-cam\/"},"modified":"2023-06-14T10:07:47","modified_gmt":"2023-06-14T10:07:47","slug":"cable-cam","status":"publish","type":"page","link":"https:\/\/www.videa.si\/en\/cable-cam\/","title":{"rendered":"Cable cam"},"content":{"rendered":"<\/div><\/div><\/div><!-- close content main div --><\/div><\/div><div id='storitve_top' class='avia-section main_color avia-section-no-padding avia-no-border-styling avia-bg-style-scroll   container_wrap sidebar_right' style = 'background-color: #3a3a3a; background-repeat: no-repeat; background-image: url(https:\/\/www.videa.si\/wp-content\/uploads\/2016\/10\/Cablecam-background.jpg); background-attachment: scroll; background-position: bottom center; background-color: #3a3a3a; ' data-section-bg-repeat='no-repeat' ><div class='container' ><div class='template-page content  av-content-small alpha units'><div class='post-entry post-entry-type-page post-entry-3139'><div class='entry-content-wrapper clearfix'>\n<section class=\"av_textblock_section\"  itemscope=\"itemscope\" itemtype=\"https:\/\/schema.org\/CreativeWork\" ><div class='avia_textblock naslov'   itemprop=\"text\" ><h1 style=\"text-align: center;\">Cable cam<\/h1>\n<p style=\"text-align: center;\">Posnemite teren z druge perspektive.<\/p>\n<\/div><\/section>\n<\/div><\/div><\/div><!-- close content main div --><\/div><\/div><div id='after_section_1' class='main_color av_default_container_wrap container_wrap sidebar_right'   ><div class='container' ><div class='template-page content  av-content-small alpha units'><div class='post-entry post-entry-type-page post-entry-3139'><div class='entry-content-wrapper clearfix'>\n<\/div><\/div><\/div><!-- close content main div --><\/div><\/div><div id='video_animacije' class='avia-section main_color avia-section-no-padding avia-no-border-styling avia-bg-style-scroll   container_wrap sidebar_right' style = 'background-color: #ebeae5; background-color: #ebeae5; '  ><div class='container' ><div class='template-page content  av-content-small alpha units'><div class='post-entry post-entry-type-page post-entry-3139'><div class='entry-content-wrapper clearfix'>\n<div class='flex_column_table av-equal-height-column-flextable' ><div class=\"flex_column av_one_half  no_margin flex_column_table_cell av-equal-height-column av-align-top av-zero-column-padding first   \" style='border-radius:0px; '><section class=\"av_textblock_section\"  itemscope=\"itemscope\" itemtype=\"https:\/\/schema.org\/CreativeWork\" ><div class='avia_textblock video_animacije_text storitve_besedilo'   itemprop=\"text\" ><p style=\"text-align: left;\"><strong>Cable cam je primeren za kadre s te\u017eko dostopnega terena, saj omogo\u010da snemanje iz zraka in pti\u010dje perspektive.<\/strong><\/p>\n<p style=\"text-align: left;\">Na\u0161i snemalci kamero namestijo na poljubno vi\u0161ino in konstrukcijo.<\/p>\n<ul>\n<li>Specifikacije:\n<ul>\n<li>krije razdalje tudi do 200 m,<\/li>\n<li>3-osni gibljivi stabilizator kamere,<\/li>\n<li>nastavljiva hitrost potovanja ali mirovanje,<\/li>\n<li>snemanje do lo\u010dljivosti 4k.<\/li>\n<\/ul>\n<\/li>\n<\/ul>\n<\/div><\/section><\/div><div class=\"flex_column av_one_half  no_margin flex_column_table_cell av-equal-height-column av-align-top av-zero-column-padding   \" style='border-radius:0px; '><div class='avia-image-container  av-styling-no-styling   graficne_animacije_slika storitve_video avia-align-center '  itemscope=\"itemscope\" itemtype=\"https:\/\/schema.org\/ImageObject\"  ><div class='avia-image-container-inner'><a href='https:\/\/www.youtube.com\/watch?time_continue=1&amp;v=SOLZRsz0cvA' class='avia_image'  ><img class='avia_image ' src='https:\/\/www.videa.si\/wp-content\/uploads\/2016\/10\/Cable-Cam-1500x630.jpg' alt='' title='Cable-Cam'  itemprop=\"contentURL\"  \/><\/a><\/div><\/div><\/div><\/div><!--close column table wrapper. Autoclose:  -->\n<\/div><\/div><\/div><!-- close content main div --><\/div><\/div><div id='after_section_2' class='main_color av_default_container_wrap container_wrap sidebar_right'   ><div class='container' ><div class='template-page content  av-content-small alpha units'><div class='post-entry post-entry-type-page post-entry-3139'><div class='entry-content-wrapper clearfix'>\n<\/div><\/div><\/div><!-- close content main div --><\/div><\/div><div id='veliko_pokazati' class='avia-section main_color avia-section-no-padding avia-no-border-styling avia-bg-style-scroll   container_wrap sidebar_right' style = 'background-color: #376bb7; background-color: #376bb7; '  ><div class='container' ><div class='template-page content  av-content-small alpha units'><div class='post-entry post-entry-type-page post-entry-3139'><div class='entry-content-wrapper clearfix'>\n<section class=\"av_textblock_section\"  itemscope=\"itemscope\" itemtype=\"https:\/\/schema.org\/CreativeWork\" ><div class='avia_textblock vec_informacij'   itemprop=\"text\" ><h3 style=\"text-align: center;\">Na\u0161 proces \u2013 va\u0161 uspeh<\/h3>\n<p style=\"text-align: center;\"><a href=\"https:\/\/www.videa.si\/kontakt\/\">Kontaktirajte nas za ponudbo<\/a><\/p>\n<\/div><\/section>\n<\/div><\/div><\/div><!-- close content main div --><\/div><\/div><div id='after_section_3' class='main_color av_default_container_wrap container_wrap sidebar_right'   ><div class='container' ><div class='template-page content  av-content-small alpha units'><div class='post-entry post-entry-type-page post-entry-3139'><div class='entry-content-wrapper clearfix'>\n<\/div><\/div><\/div><!-- close content main div --><\/div><\/div><div id='postopek_dela' class='avia-section main_color avia-section-no-padding avia-no-border-styling avia-bg-style-scroll  visible-overflow container_wrap sidebar_right'   ><div class='container' ><div class='template-page content  av-content-small alpha units'><div class='post-entry post-entry-type-page post-entry-3139'><div class='entry-content-wrapper clearfix'>\n<section class=\"av_textblock_section\"  itemscope=\"itemscope\" itemtype=\"https:\/\/schema.org\/CreativeWork\" ><div class='avia_textblock postopek_dela_naslov'   itemprop=\"text\" ><h3 style=\"text-align: center;\">Na\u0161 postopek dela<\/h3>\n<\/div><\/section>\n<div class=\"flex_column av_one_fifth  flex_column_div av-zero-column-padding first  storitve_prva_faza \" style='border-radius:0px; '><p><section class=\"avia_codeblock_section avia_code_block_0\"  itemscope=\"itemscope\" itemtype=\"https:\/\/schema.org\/CreativeWork\" ><div class='avia_codeblock '  itemprop=\"text\" > [avia_codeblock_placeholder uid=\"0\"] <\/div><\/section><\/a><\/p>\n<section class=\"av_textblock_section\"  itemscope=\"itemscope\" itemtype=\"https:\/\/schema.org\/CreativeWork\" ><div class='avia_textblock postopek_1 postopek_dela_besedilo'   itemprop=\"text\" ><p style=\"text-align: center;\"><a href=\"https:\/\/www.videa.si\/en\/video-production\/\"><strong>Predprodukcija<\/strong><\/a><\/p>\n<p style=\"text-align: center;\"><img class=\"alignnone size-full wp-image-148\" src=\"https:\/\/www.videa.si\/wp-content\/uploads\/2016\/08\/predprodukcija.png\" alt=\"predprodukcija\" width=\"96\" height=\"35\" \/><\/p>\n<\/div><\/section><br \/>\n<section class=\"avia_codeblock_section avia_code_block_1\"  itemscope=\"itemscope\" itemtype=\"https:\/\/schema.org\/CreativeWork\" ><div class='avia_codeblock '  itemprop=\"text\" > [avia_codeblock_placeholder uid=\"1\"] <\/div><\/section><\/p><\/div><div class=\"flex_column av_one_fifth  flex_column_div av-zero-column-padding   storitve_druga_faza \" style='border-radius:0px; '><p><section class=\"avia_codeblock_section avia_code_block_2\"  itemscope=\"itemscope\" itemtype=\"https:\/\/schema.org\/CreativeWork\" ><div class='avia_codeblock '  itemprop=\"text\" > [avia_codeblock_placeholder uid=\"2\"] <\/div><\/section><\/a><\/p>\n<section class=\"av_textblock_section\"  itemscope=\"itemscope\" itemtype=\"https:\/\/schema.org\/CreativeWork\" ><div class='avia_textblock postopek_2 postopek_dela_besedilo'   itemprop=\"text\" ><p style=\"text-align: center;\"><a href=\"https:\/\/www.videa.si\/en\/video-production\/\"><strong>Produkcija<\/strong><\/a><\/p>\n<p><img class=\"alignnone size-full wp-image-149 aligncenter\" src=\"https:\/\/www.videa.si\/wp-content\/uploads\/2016\/08\/produkcija.png\" alt=\"produkcija\" width=\"88\" height=\"36\" \/><\/p>\n<\/div><\/section><br \/>\n<section class=\"avia_codeblock_section avia_code_block_3\"  itemscope=\"itemscope\" itemtype=\"https:\/\/schema.org\/CreativeWork\" ><div class='avia_codeblock '  itemprop=\"text\" > [avia_codeblock_placeholder uid=\"3\"] <\/div><\/section><\/p><\/div><div class=\"flex_column av_one_fifth  flex_column_div av-zero-column-padding   storitve_tretja_faza \" style='border-radius:0px; '><p><section class=\"avia_codeblock_section avia_code_block_4\"  itemscope=\"itemscope\" itemtype=\"https:\/\/schema.org\/CreativeWork\" ><div class='avia_codeblock '  itemprop=\"text\" > [avia_codeblock_placeholder uid=\"4\"] <\/div><\/section><\/a><\/p>\n<section class=\"av_textblock_section\"  itemscope=\"itemscope\" itemtype=\"https:\/\/schema.org\/CreativeWork\" ><div class='avia_textblock postopek_3 postopek_dela_besedilo'   itemprop=\"text\" ><p style=\"text-align: center;\"><a href=\"https:\/\/www.videa.si\/en\/video-production\/\"><strong>Postprodukcija<\/strong><\/a><\/p>\n<p><img class=\"alignnone size-full wp-image-147 aligncenter\" src=\"https:\/\/www.videa.si\/wp-content\/uploads\/2016\/08\/postprodukcija.png\" alt=\"postprodukcija\" width=\"83\" height=\"36\" srcset=\"https:\/\/www.videa.si\/wp-content\/uploads\/2016\/08\/postprodukcija.png 83w, https:\/\/www.videa.si\/wp-content\/uploads\/2016\/08\/postprodukcija-80x36.png 80w\" sizes=\"(max-width: 83px) 100vw, 83px\" \/><\/p>\n<\/div><\/section><br \/>\n<section class=\"avia_codeblock_section avia_code_block_5\"  itemscope=\"itemscope\" itemtype=\"https:\/\/schema.org\/CreativeWork\" ><div class='avia_codeblock '  itemprop=\"text\" > [avia_codeblock_placeholder uid=\"5\"] <\/div><\/section><\/p><\/div><div class=\"flex_column av_one_fifth  flex_column_div av-zero-column-padding   storitve_cetrta_faza \" style='border-radius:0px; '><p><section class=\"avia_codeblock_section avia_code_block_6\"  itemscope=\"itemscope\" itemtype=\"https:\/\/schema.org\/CreativeWork\" ><div class='avia_codeblock '  itemprop=\"text\" > [avia_codeblock_placeholder uid=\"6\"] <\/div><\/section><\/a><\/p>\n<section class=\"av_textblock_section\"  itemscope=\"itemscope\" itemtype=\"https:\/\/schema.org\/CreativeWork\" ><div class='avia_textblock postopek_4 postopek_dela_besedilo'   itemprop=\"text\" ><p style=\"text-align: center;\"><strong>Video marketing<\/strong><\/p>\n<p><img class=\"aligncenter wp-image-3497 size-full\" src=\"https:\/\/www.videa.si\/wp-content\/uploads\/2023\/03\/marketing-e1677657683142.png\" alt=\"\" width=\"94\" height=\"36\" \/><\/p>\n<\/div><\/section><br \/>\n<section class=\"avia_codeblock_section avia_code_block_7\"  itemscope=\"itemscope\" itemtype=\"https:\/\/schema.org\/CreativeWork\" ><div class='avia_codeblock '  itemprop=\"text\" > [avia_codeblock_placeholder uid=\"7\"] <\/div><\/section><\/p><\/div><div class=\"flex_column av_one_fifth  flex_column_div av-zero-column-padding   storitve_peta_faza \" style='border-radius:0px; '><p><section class=\"avia_codeblock_section avia_code_block_8\"  itemscope=\"itemscope\" itemtype=\"https:\/\/schema.org\/CreativeWork\" ><div class='avia_codeblock '  itemprop=\"text\" > [avia_codeblock_placeholder uid=\"8\"] <\/div><\/section><\/a><\/p>\n<section class=\"av_textblock_section\"  itemscope=\"itemscope\" itemtype=\"https:\/\/schema.org\/CreativeWork\" ><div class='avia_textblock postopek_5 postopek_dela_besedilo'   itemprop=\"text\" ><p style=\"text-align: center;\"><strong>Zadovoljna stranka<\/strong><\/p>\n<p><img class=\"alignnone size-full wp-image-150 aligncenter\" src=\"https:\/\/www.videa.si\/wp-content\/uploads\/2016\/08\/zadovoljna_stranka.png\" alt=\"zadovoljna_stranka\" width=\"70\" height=\"71\" srcset=\"https:\/\/www.videa.si\/wp-content\/uploads\/2016\/08\/zadovoljna_stranka.png 70w, https:\/\/www.videa.si\/wp-content\/uploads\/2016\/08\/zadovoljna_stranka-36x36.png 36w\" sizes=\"(max-width: 70px) 100vw, 70px\" \/><\/p>\n<\/div><\/section><br \/>\n<section class=\"avia_codeblock_section avia_code_block_9\"  itemscope=\"itemscope\" itemtype=\"https:\/\/schema.org\/CreativeWork\" ><div class='avia_codeblock '  itemprop=\"text\" > [avia_codeblock_placeholder uid=\"9\"] <\/div><\/section><\/p><\/div><\/div><\/div><\/div><!-- close content main div --><\/div><\/div><div id='after_section_4' class='main_color av_default_container_wrap container_wrap sidebar_right'   ><div class='container' ><div class='template-page content  av-content-small alpha units'><div class='post-entry post-entry-type-page post-entry-3139'><div class='entry-content-wrapper clearfix'><\/div><\/div><\/div><!-- close content main div --><\/div><\/div><div id='noga' class='avia-section main_color avia-section-no-padding avia-no-border-styling avia-bg-style-scroll   av-minimum-height av-minimum-height-custom container_wrap sidebar_right' style = 'background-repeat: no-repeat; background-image: url(https:\/\/www.videa.si\/wp-content\/uploads\/2016\/08\/noga_oblaki.png); background-attachment: scroll; background-position: center center; ' data-section-bg-repeat='no-repeat' ><div class='container' style='height:431px'><div class='template-page content  av-content-small alpha units'><div class='post-entry post-entry-type-page post-entry-3139'><div class='entry-content-wrapper clearfix'>\n<div class='avia-image-container  av-styling-   okvir avia-align-center '  itemscope=\"itemscope\" itemtype=\"https:\/\/schema.org\/ImageObject\"  ><div class='avia-image-container-inner'><img class='avia_image ' src='https:\/\/www.videa.si\/wp-content\/uploads\/2016\/08\/cablecam_grafika-1.png' alt='' title='cablecam_grafika (1)'   itemprop=\"contentURL\"  \/><\/div><\/div>\n<section class=\"av_textblock_section\"  itemscope=\"itemscope\" itemtype=\"https:\/\/schema.org\/CreativeWork\" ><div class='avia_textblock poglej_posnetek'   itemprop=\"text\" ><div class=\"posnetek_levo\"><\/div>\n<p style=\"text-align: center;\"><a href=\"https:\/\/www.youtube.com\/watch?v=SOLZRsz0cvA\">Poglej<br \/>\nposnetek<\/a><\/p>\n<div class=\"posnetek_desno\"><\/div>\n<\/div><\/section>\n<\/div><\/div><\/div><!-- close content main div --><\/div><\/div><div id='after_section_5' class='main_color av_default_container_wrap container_wrap sidebar_right'   ><div class='container' ><div class='template-page content  av-content-small alpha units'><div class='post-entry post-entry-type-page post-entry-3139'><div class='entry-content-wrapper clearfix'><\/p>\n","protected":false},"excerpt":{"rendered":"","protected":false},"author":5,"featured_media":0,"parent":0,"menu_order":0,"comment_status":"closed","ping_status":"closed","template":"","meta":[],"acf":[],"yoast_head":"<!-- This site is optimized with the Yoast SEO plugin v19.8 - https:\/\/yoast.com\/wordpress\/plugins\/seo\/ -->\n<title>Cable cam - Videa<\/title>\n<meta name=\"description\" content=\"Cable cam is the right solution for dynamic camera movements. It moves along a cable between two fixed points.\" \/>\n<meta name=\"robots\" content=\"index, follow, max-snippet:-1, max-image-preview:large, max-video-preview:-1\" \/>\n<link rel=\"canonical\" href=\"https:\/\/www.videa.si\/en\/cable-cam\/\" \/>\n<meta property=\"og:locale\" content=\"en_US\" \/>\n<meta property=\"og:type\" content=\"article\" \/>\n<meta property=\"og:title\" content=\"Cable cam - Videa\" \/>\n<meta property=\"og:description\" content=\"Cable cam is the right solution for dynamic camera movements. It moves along a cable between two fixed points.\" \/>\n<meta property=\"og:url\" content=\"https:\/\/www.videa.si\/en\/cable-cam\/\" \/>\n<meta property=\"og:site_name\" content=\"Videa\" \/>\n<meta property=\"article:modified_time\" content=\"2023-06-14T10:07:47+00:00\" \/>\n<meta property=\"og:image\" content=\"https:\/\/www.videa.si\/wp-content\/uploads\/2016\/08\/predprodukcija.png\" \/>\n<meta name=\"twitter:card\" content=\"summary_large_image\" \/>\n<meta name=\"twitter:label1\" content=\"Est. reading time\" \/>\n\t<meta name=\"twitter:data1\" content=\"4 minutes\" \/>\n<script type=\"application\/ld+json\" class=\"yoast-schema-graph\">{\"@context\":\"https:\/\/schema.org\",\"@graph\":[{\"@type\":\"WebPage\",\"@id\":\"https:\/\/www.videa.si\/en\/cable-cam\/\",\"url\":\"https:\/\/www.videa.si\/en\/cable-cam\/\",\"name\":\"Cable cam - Videa\",\"isPartOf\":{\"@id\":\"https:\/\/www.videa.si\/en\/#website\"},\"datePublished\":\"2016-10-19T05:39:03+00:00\",\"dateModified\":\"2023-06-14T10:07:47+00:00\",\"description\":\"Cable cam is the right solution for dynamic camera movements. It moves along a cable between two fixed points.\",\"breadcrumb\":{\"@id\":\"https:\/\/www.videa.si\/en\/cable-cam\/#breadcrumb\"},\"inLanguage\":\"en-US\",\"potentialAction\":[{\"@type\":\"ReadAction\",\"target\":[\"https:\/\/www.videa.si\/en\/cable-cam\/\"]}]},{\"@type\":\"BreadcrumbList\",\"@id\":\"https:\/\/www.videa.si\/en\/cable-cam\/#breadcrumb\",\"itemListElement\":[{\"@type\":\"ListItem\",\"position\":1,\"name\":\"Home\",\"item\":\"https:\/\/www.videa.si\/en\/\"},{\"@type\":\"ListItem\",\"position\":2,\"name\":\"Cable cam\"}]},{\"@type\":\"WebSite\",\"@id\":\"https:\/\/www.videa.si\/en\/#website\",\"url\":\"https:\/\/www.videa.si\/en\/\",\"name\":\"Videa\",\"description\":\"\",\"potentialAction\":[{\"@type\":\"SearchAction\",\"target\":{\"@type\":\"EntryPoint\",\"urlTemplate\":\"https:\/\/www.videa.si\/en\/?s={search_term_string}\"},\"query-input\":\"required name=search_term_string\"}],\"inLanguage\":\"en-US\"}]}<\/script>\n<!-- \/ Yoast SEO plugin. -->","yoast_head_json":{"title":"Cable cam - Videa","description":"Cable cam is the right solution for dynamic camera movements. It moves along a cable between two fixed points.","robots":{"index":"index","follow":"follow","max-snippet":"max-snippet:-1","max-image-preview":"max-image-preview:large","max-video-preview":"max-video-preview:-1"},"canonical":"https:\/\/www.videa.si\/en\/cable-cam\/","og_locale":"en_US","og_type":"article","og_title":"Cable cam - Videa","og_description":"Cable cam is the right solution for dynamic camera movements. It moves along a cable between two fixed points.","og_url":"https:\/\/www.videa.si\/en\/cable-cam\/","og_site_name":"Videa","article_modified_time":"2023-06-14T10:07:47+00:00","og_image":[{"url":"https:\/\/www.videa.si\/wp-content\/uploads\/2016\/08\/predprodukcija.png"}],"twitter_card":"summary_large_image","twitter_misc":{"Est. reading time":"4 minutes"},"schema":{"@context":"https:\/\/schema.org","@graph":[{"@type":"WebPage","@id":"https:\/\/www.videa.si\/en\/cable-cam\/","url":"https:\/\/www.videa.si\/en\/cable-cam\/","name":"Cable cam - Videa","isPartOf":{"@id":"https:\/\/www.videa.si\/en\/#website"},"datePublished":"2016-10-19T05:39:03+00:00","dateModified":"2023-06-14T10:07:47+00:00","description":"Cable cam is the right solution for dynamic camera movements. It moves along a cable between two fixed points.","breadcrumb":{"@id":"https:\/\/www.videa.si\/en\/cable-cam\/#breadcrumb"},"inLanguage":"en-US","potentialAction":[{"@type":"ReadAction","target":["https:\/\/www.videa.si\/en\/cable-cam\/"]}]},{"@type":"BreadcrumbList","@id":"https:\/\/www.videa.si\/en\/cable-cam\/#breadcrumb","itemListElement":[{"@type":"ListItem","position":1,"name":"Home","item":"https:\/\/www.videa.si\/en\/"},{"@type":"ListItem","position":2,"name":"Cable cam"}]},{"@type":"WebSite","@id":"https:\/\/www.videa.si\/en\/#website","url":"https:\/\/www.videa.si\/en\/","name":"Videa","description":"","potentialAction":[{"@type":"SearchAction","target":{"@type":"EntryPoint","urlTemplate":"https:\/\/www.videa.si\/en\/?s={search_term_string}"},"query-input":"required name=search_term_string"}],"inLanguage":"en-US"}]}},"_links":{"self":[{"href":"https:\/\/www.videa.si\/en\/wp-json\/wp\/v2\/pages\/3139"}],"collection":[{"href":"https:\/\/www.videa.si\/en\/wp-json\/wp\/v2\/pages"}],"about":[{"href":"https:\/\/www.videa.si\/en\/wp-json\/wp\/v2\/types\/page"}],"author":[{"embeddable":true,"href":"https:\/\/www.videa.si\/en\/wp-json\/wp\/v2\/users\/5"}],"replies":[{"embeddable":true,"href":"https:\/\/www.videa.si\/en\/wp-json\/wp\/v2\/comments?post=3139"}],"version-history":[{"count":4,"href":"https:\/\/www.videa.si\/en\/wp-json\/wp\/v2\/pages\/3139\/revisions"}],"predecessor-version":[{"id":3861,"href":"https:\/\/www.videa.si\/en\/wp-json\/wp\/v2\/pages\/3139\/revisions\/3861"}],"wp:attachment":[{"href":"https:\/\/www.videa.si\/en\/wp-json\/wp\/v2\/media?parent=3139"}],"curies":[{"name":"wp","href":"https:\/\/api.w.org\/{rel}","templated":true}]}}